{"id":6648,"date":"2022-09-08T08:39:43","date_gmt":"2022-09-08T08:39:43","guid":{"rendered":"https:\/\/saylor.es\/condicions-dus-i-politica-de-privadesa\/"},"modified":"2022-10-10T14:17:00","modified_gmt":"2022-10-10T14:17:00","slug":"condicions-dus-i-politica-de-privadesa","status":"publish","type":"page","link":"https:\/\/www.saylor.es\/ca\/condicions-dus-i-politica-de-privadesa\/","title":{"rendered":"Condicions d&#8217;\u00fas i pol\u00edtica de privacitat"},"content":{"rendered":"<div class=\"fusion-fullwidth fullwidth-box fusion-builder-row-1 fusion-flex-container has-pattern-background has-mask-background nonhundred-percent-fullwidth non-hundred-percent-height-scrolling\" style=\"background-color: var(--awb-color1);background-position: center center;background-repeat: no-repeat;border-width: 0px 0px 0px 0px;border-color:#eae9e9;border-style:solid;\" ><div class=\"fusion-builder-row fusion-row fusion-flex-align-items-flex-start\" style=\"max-width:1216.8px;margin-left: calc(-4% \/ 2 );margin-right: calc(-4% \/ 2 );\"><div class=\"fusion-layout-column fusion_builder_column fusion-builder-column-0 fusion_builder_column_1_1 1_1 fusion-flex-column\"><div class=\"fusion-column-wrapper fusion-flex-justify-content-flex-start fusion-content-layout-column\" style=\"background-position:left top;background-repeat:no-repeat;-webkit-background-size:cover;-moz-background-size:cover;-o-background-size:cover;background-size:cover;padding: 0px 0px 0px 0px;\"><div class=\"fusion-text fusion-text-1\" style=\"text-transform:none;margin-top:0px;\"><h4>1. SOBRE <b>SAYLOR.ES<\/b><\/h4>\n<p>En compliment de la Llei 34\/2002 de Serveis de la Societat de la Informaci\u00f3 i del Comer\u00e7 Electr\u00f2nic (LSSICE), s&#8217;informa dels aspectes legals seg\u00fcents del website www.saylor.es aix\u00ed com dels subdominis (d&#8217;ara endavant, el website) .<\/p>\n<p>Aquesta web \u00e9s propietat de SAYLOR IBERIA, SLU, (d&#8217;ara endavant \u201cSAYLOR\u201d), empresa dedicada a la prestaci\u00f3 de serveis de neteja, amb CIF B-62.024.591 i domicili a Barcelona, C\/ Biscaia, n\u00fam. 379, local, inscrita al Registre Mercantil de Barcelona. Tom 31.859, Foli 72, Fulla 198848.<\/p>\n<h4>2. QU\u00c8 \u00c9S AQUEST DOCUMENT?<\/h4>\n<p>2.1. Aquest document constitueix el CONTRACTE pel qual regir\u00e0 la relaci\u00f3 entre <b>SAYLOR<\/b> i Vost\u00e8 (l&#8217; <b>USUARI<\/b> ), en relaci\u00f3 amb l&#8217;acc\u00e9s, navegaci\u00f3 i utilitzaci\u00f3 del present website.<\/p>\n<p><b>SAYLOR<\/b> es reserva el dret a modificar, sense av\u00eds previ, les condicions que regulen l&#8217;\u00fas del website. En tot cas, l&#8217;acc\u00e9s al lloc web despr\u00e9s de modificar-lo, implica l&#8217;acceptaci\u00f3 dels mateixos per part de l&#8217;usuari.<\/p>\n<p>Als efectes de la interpretaci\u00f3 de les presents Condicions d&#8217;\u00das, entenem que una persona passa a ser usu\u00e0ria en el moment en qu\u00e8 aquesta accepta les Condicions d&#8217;\u00das i la Pol\u00edtica de Privadesa exposades al Lloc Web, bastant per aix\u00f2 que el visiti.<\/p>\n<p>No obstant aix\u00f2, l&#8217;acc\u00e9s i\/o la utilitzaci\u00f3 de determinats continguts i serveis es podr\u00e0 regir per les condicions d&#8217;\u00fas pr\u00f2pies, que podran substituir, modificar o complementar aquestes Condicions d&#8217;\u00fas. Les condicions d&#8217;\u00fas esmentades podran necessitar l&#8217;acceptaci\u00f3 expressa per part de l&#8217;USUARI.<\/p>\n<h4>3. ACC\u00c9S AL WEBSITE<\/h4>\n<p>L&#8217;acc\u00e9s al website \u00e9s completament gratu\u00eft i no requereix registre previ. No obstant aix\u00f2, hi poden haver continguts i\/o serveis concrets que requereixin el registre previ de l&#8217;USUARI, i han d&#8217;acceptar les corresponents condicions de registre.<\/p>\n<p>Aquelles persones que siguin menors d&#8217;edat segons la legislaci\u00f3 nacional tenen prohibit l&#8217;acc\u00e9s al lloc web. Tot i aix\u00f2, si un menor accedeix al website, <b>saylor.es<\/b> presumeix que hi ha autoritzaci\u00f3 pr\u00e8via dels seus pares, tutors o representants legals.<\/p>\n<h4>4. DRETS DE PROPIETAT INTEL\u00b7LECTUAL I INDUSTRIAL<\/h4>\n<p><b>SAYLOR<\/b> \u00e9s titular dels drets d&#8217;explotaci\u00f3 de propietat intel\u00b7lectual i industrial sobre el disseny i la programaci\u00f3 del website, aix\u00ed com de tots els continguts i informaci\u00f3 disponible a trav\u00e9s del mateix, que queden expressament reservats. En particular, queda prohibida la c\u00f2pia i la reproducci\u00f3, comunicaci\u00f3 i distribuci\u00f3 p\u00fablica, per qualsevol mitj\u00e0 i sota qualsevol forma, tot o part dels continguts inclosos en aquest website.<\/p>\n<p>L&#8217;USUARI disposa d&#8217;un dret d&#8217;\u00fas dels continguts i serveis que s&#8217;ofereixen en aquesta web \u00fanicament amb la finalitat de gaudir de les prestacions del servei d&#8217;acord amb aquestes Condicions d&#8217;\u00das. L&#8217;acc\u00e9s a aquest lloc web no \u00e9s constitutiu, en cap cas, de transmissi\u00f3, llic\u00e8ncia o cessi\u00f3, total o parcial, dels drets esmentats a favor de l&#8217;USUARI.<\/p>\n<p>Les refer\u00e8ncies a marques, noms comercials o altres signes distintius, ja siguin titularitat de <b>SAYLOR<\/b> o de terceres persones, no \u00e9s constitutiu, en cap cas, de transmissi\u00f3, llic\u00e8ncia o cessi\u00f3, total o parcial, dels drets esmentats a favor de l&#8217;usuari.<\/p>\n<h4>5. RESPONSABILITATS<\/h4>\n<p><b>SAYLOR<\/b> declina qualsevol responsabilitat derivada d&#8217;informaci\u00f3 o continguts no gestionats directament per aquesta.<\/p>\n<p><b>SAYLOR <\/b>no ser\u00e0 responsable de la interrupci\u00f3 o problemes en el funcionament del servei que es derivin de l&#8217;exc\u00e9s dels recursos del servidor, programes malintencionats, virus, avaries, ni tampoc d&#8217;altres incid\u00e8ncies t\u00e8cniques que no depenguin directament de <b>SAYLOR<\/b>, tampoc en el cas que aquestes fossin conseq\u00fc\u00e8ncia de situacions de for\u00e7a major o que en sobrepassessin el control.<\/p>\n<h4>6. COMUNICACI\u00d3, SUPORT I ASSIST\u00c8NCIA<\/h4>\n<p><b>SAYLOR<\/b> posa a disposici\u00f3 de l&#8217;USUARI un servei de suport i assist\u00e8ncia per resoldre els possibles dubtes sobre el funcionament del servei, a trav\u00e9s del correu info@saylor.es.<\/p>\n<p>7. POL\u00cdTICA DE PRIVACITAT I PROTECCI\u00d3 DE DADES<\/p>\n<p><b>SAYLOR<\/b> compleix expressament totes les exig\u00e8ncies establertes a la Llei Org\u00e0nica 15\/1999 de 13 de desembre, sobre Protecci\u00f3 de Dades de Car\u00e0cter Personal aix\u00ed com la normativa que la desenvolupa.<\/p>\n<p><b>SAYLOR<\/b> tamb\u00e9 assumeix el compliment del que preceptua la Llei 34\/2002 d&#8217;11 de juliol, de Serveis de Societat de la Informaci\u00f3. Les dades personals s\u00f3n tractades d&#8217;acord amb el que disposa aquesta normativa, guardant-se les mesures t\u00e8cniques, organitzatives i de seguretat precises que garanteix la confidencialitat i eviten alhora qualsevol tipus de p\u00e8rdua, alteraci\u00f3 i tractament o acc\u00e9s que no estiguin autoritzats.<\/p>\n<p>Les dades seran incorporades a un fitxer titularitat de <b>SAYLOR<\/b> i seran utilitzades amb l&#8217;\u00fanica finalitat de dur a terme la prestaci\u00f3 del servei, aix\u00ed com per gestionar la relaci\u00f3 comercial i les tasques d&#8217;administraci\u00f3 corresponents.<\/p>\n<p><b>SAYLOR<\/b> declara expressament que en cap cas les dades dels USUARIS seran cedides a tercers.<\/p>\n<p>L&#8217;USUARI autoritza i atorga el seu consentiment expr\u00e9s a <b>SAYLOR<\/b> per al tractament de les seves dades personals i \u00fanicament a les finalitats exposades. Aquestes dades seran aquelles que siguin facilitades o aquelles que puguin ser recollides als llocs web titularitat de <b>SAYLOR<\/b> , a trav\u00e9s de formularis de contacte i de la declaraci\u00f3 de responsabilitat, aix\u00f2, a trav\u00e9s del proc\u00e9s de contractaci\u00f3 del servei de <b>SAYLOR<\/b> , i\/oa trav\u00e9s de qualsevol altre mitj\u00e0.<\/p>\n<p>Es reconeix a l&#8217;USUARI la possibilitat d&#8217;exercir els seus drets d&#8217;acc\u00e9s, rectificaci\u00f3, cancel\u00b7laci\u00f3 i oposici\u00f3 al tractament de les seves dades personals en poder de <b>SAYLOR<\/b> , mitjan\u00e7ant sol\u00b7licitud per escrit adre\u00e7ada a info@saylor.es acreditant la identitat com a interessat, de conformitat amb tot aix\u00f2 , amb el que disposa la legislaci\u00f3 vigent.<\/p>\n<p><b>SAYLOR<\/b> no recull dades personals de menors a no ser que intervingui el consentiment expr\u00e9s i per escrit dels pares o tutors. En aquest cas, aquest consentiment haur\u00e0 de ser rem\u00e9s a <b>SAYLOR<\/b> a info@saylor.es per a la seva gesti\u00f3, comprovaci\u00f3 i autoritzaci\u00f3.<\/p>\n<p>Si en algun moment <b>SAYLOR<\/b> tingu\u00e9s const\u00e0ncia d&#8217;haver rebut dades d&#8217;un menor que no compleixin el que requereixen les normes vigents, es procedir\u00e0 a cancel\u00b7lar-les i eliminar-les.<\/p>\n<p>Seguretat: les transmissions que es facin de dades personals es far\u00e0 mitjan\u00e7ant una tecnologia adequada que complir\u00e0 sempre i en tot cas els est\u00e0ndards de seguretat per a la protecci\u00f3 de les dades dels USUARIS.<\/p>\n<p>Navegaci\u00f3 amb cookies: el lloc web <b>saylor.es<\/b> fa servir cookies a la seva web. Les cookies s\u00f3n petits fitxers de text que s&#8217;emmagatzemen a la mem\u00f2ria cau del navegador i permeten fer un seguiment de les visites a la p\u00e0gina al llarg del temps i que agiliten la navegaci\u00f3 i garanteixen l&#8217;operativitat del servei. A les galetes tamb\u00e9 podeu emmagatzemar, si ho desitgeu, les dades d&#8217;usuari i contrasenya d&#8217;acc\u00e9s a la web perqu\u00e8 no les h\u00e0giu d&#8217;escriure a cada connexi\u00f3.<\/p>\n<p><b>SAYLOR<\/b> podr\u00e0 utilitzar serveis de tercers que tamb\u00e9 fan \u00fas de les cookies, com ara Google Analytics, un servei que realitza estad\u00edstiques de visites d&#8217;una p\u00e0gina.<\/p>\n<h4>8. INTEGRITAT DEL CONTRACTE<\/h4>\n<p>Si qualsevol de les cl\u00e0usules del present contracte fos considerada anul\u00b7lable o nul\u00b7la de ple dret, es tindr\u00e0 per no posada, mantenint la resta del contracte tota la seva for\u00e7a vinculant entre ambdues parts.<\/p>\n<h4>9. VIG\u00c8NCIA DE LES CONDICIONS<\/h4>\n<p><b>SAYLOR<\/b> es reserva el dret a rectificar, actualitzar o modificar aquestes condicions en qualsevol moment, principalment amb la finalitat d&#8217;adaptar-les a futurs canvis legislatius o per altres circumst\u00e0ncies que necessitin aquests canvis sota el criteri de <b>SAYLOR.<\/b><\/p>\n<p>Les condicions vigents seran les que apareguin aqu\u00ed publicades, aplicables des de la data de la darrera actualitzaci\u00f3, que figura a l&#8217;inici d&#8217;aquest document.<\/p>\n<p>\u00c9s responsabilitat de l&#8217;USUARI revisar amb regularitat les Condicions d&#8217;\u00das del LLOC WEB ja que la continuaci\u00f3 en l&#8217;\u00fas del mateix constituir\u00e0 una acceptaci\u00f3 de les modificacions realitzades.<\/p>\n<h4>10. LLEI APLICABLE I FUR COMPETENT<\/h4>\n<p>Qualsevol q\u00fcesti\u00f3, conflicte o controv\u00e8rsia que pogu\u00e9s sorgir en relaci\u00f3 amb la validesa, interpretaci\u00f3, compliment i\/o execuci\u00f3 de les presents Condicions Generals de contractaci\u00f3 i d&#8217;\u00fas, i de la relaci\u00f3 existent entre les parts, aquestes se sotmeten expressament a la legislaci\u00f3 espanyola ia la compet\u00e8ncia jurisdiccional dels Jutjats i Tribunals de Barcelona (Espanya), renunciant expressament a qualsevol altra legislaci\u00f3 o fur que els fos propi, llevat que per llei se&#8217;n determinin de forma imperativa altres de diferents.<\/p>\n<p>Si necessiteu m\u00e9s informaci\u00f3, contacteu amb nosaltres a info@saylor.es.<\/p>\n<\/div><\/div><style type=\"text\/css\">.fusion-body .fusion-builder-column-0{width:100% !important;margin-top : 0px;margin-bottom : 20px;}.fusion-builder-column-0 > .fusion-column-wrapper {padding-top : 0px !important;padding-right : 0px !important;margin-right : 1.92%;padding-bottom : 0px !important;padding-left : 0px !important;margin-left : 1.92%;}@media only screen and (max-width:1024px) {.fusion-body .fusion-builder-column-0{width:100% !important;order : 0;}.fusion-builder-column-0 > .fusion-column-wrapper {margin-right : 1.92%;margin-left : 1.92%;}}@media only screen and (max-width:640px) {.fusion-body .fusion-builder-column-0{width:100% !important;order : 0;}.fusion-builder-column-0 > .fusion-column-wrapper {margin-right : 1.92%;margin-left : 1.92%;}}<\/style><\/div><\/div><style type=\"text\/css\">.fusion-body .fusion-flex-container.fusion-builder-row-1{ padding-top : 0px;margin-top : 0px;padding-right : 0px;padding-bottom : 0px;margin-bottom : 80px;padding-left : 0px;}@media only screen and (max-width:1024px) {.fusion-body .fusion-flex-container.fusion-builder-row-1{ padding-top : 80px;padding-bottom : 80px;margin-bottom : 80px;}}@media only screen and (max-width:640px) {.fusion-body .fusion-flex-container.fusion-builder-row-1{ margin-bottom : 60px;}}<\/style><\/div>\n","protected":false},"excerpt":{"rendered":"","protected":false},"author":1,"featured_media":0,"parent":0,"menu_order":0,"comment_status":"closed","ping_status":"closed","template":"100-width.php","meta":{"footnotes":""},"class_list":["post-6648","page","type-page","status-publish","hentry"],"yoast_head":"<!-- This site is optimized with the Yoast SEO plugin v19.9 - https:\/\/yoast.com\/wordpress\/plugins\/seo\/ -->\n<title>Condicions d&#039;\u00fas i pol\u00edtica de privacitat - Saylor<\/title>\n<meta name=\"robots\" content=\"index, follow, max-snippet:-1, max-image-preview:large, max-video-preview:-1\" \/>\n<link rel=\"canonical\" href=\"https:\/\/www.saylor.es\/ca\/condicions-dus-i-politica-de-privadesa\/\" \/>\n<meta property=\"og:locale\" content=\"ca_ES\" \/>\n<meta property=\"og:type\" content=\"article\" \/>\n<meta property=\"og:title\" content=\"Condicions d&#039;\u00fas i pol\u00edtica de privacitat - Saylor\" \/>\n<meta property=\"og:url\" content=\"https:\/\/www.saylor.es\/ca\/condicions-dus-i-politica-de-privadesa\/\" \/>\n<meta property=\"og:site_name\" content=\"Saylor\" \/>\n<meta property=\"article:modified_time\" content=\"2022-10-10T14:17:00+00:00\" \/>\n<meta name=\"twitter:card\" content=\"summary_large_image\" \/>\n<script type=\"application\/ld+json\" class=\"yoast-schema-graph\">{\"@context\":\"https:\/\/schema.org\",\"@graph\":[{\"@type\":\"WebPage\",\"@id\":\"https:\/\/www.saylor.es\/ca\/condicions-dus-i-politica-de-privadesa\/\",\"url\":\"https:\/\/www.saylor.es\/ca\/condicions-dus-i-politica-de-privadesa\/\",\"name\":\"Condicions d'\u00fas i pol\u00edtica de privacitat - Saylor\",\"isPartOf\":{\"@id\":\"https:\/\/www.saylor.es\/ca\/#website\"},\"datePublished\":\"2022-09-08T08:39:43+00:00\",\"dateModified\":\"2022-10-10T14:17:00+00:00\",\"breadcrumb\":{\"@id\":\"https:\/\/www.saylor.es\/ca\/condicions-dus-i-politica-de-privadesa\/#breadcrumb\"},\"inLanguage\":\"ca\",\"potentialAction\":[{\"@type\":\"ReadAction\",\"target\":[\"https:\/\/www.saylor.es\/ca\/condicions-dus-i-politica-de-privadesa\/\"]}]},{\"@type\":\"BreadcrumbList\",\"@id\":\"https:\/\/www.saylor.es\/ca\/condicions-dus-i-politica-de-privadesa\/#breadcrumb\",\"itemListElement\":[{\"@type\":\"ListItem\",\"position\":1,\"name\":\"Portada\",\"item\":\"https:\/\/www.saylor.es\/ca\/\"},{\"@type\":\"ListItem\",\"position\":2,\"name\":\"Condicions d&#8217;\u00fas i pol\u00edtica de privacitat\"}]},{\"@type\":\"WebSite\",\"@id\":\"https:\/\/www.saylor.es\/ca\/#website\",\"url\":\"https:\/\/www.saylor.es\/ca\/\",\"name\":\"Saylor\",\"description\":\"My WordPress Blog\",\"publisher\":{\"@id\":\"https:\/\/www.saylor.es\/ca\/#organization\"},\"potentialAction\":[{\"@type\":\"SearchAction\",\"target\":{\"@type\":\"EntryPoint\",\"urlTemplate\":\"https:\/\/www.saylor.es\/ca\/?s={search_term_string}\"},\"query-input\":\"required name=search_term_string\"}],\"inLanguage\":\"ca\"},{\"@type\":\"Organization\",\"@id\":\"https:\/\/www.saylor.es\/ca\/#organization\",\"name\":\"Saylor\",\"url\":\"https:\/\/www.saylor.es\/ca\/\",\"logo\":{\"@type\":\"ImageObject\",\"inLanguage\":\"ca\",\"@id\":\"https:\/\/www.saylor.es\/ca\/#\/schema\/logo\/image\/\",\"url\":\"https:\/\/saylor.es\/\/wp-content\/uploads\/2022\/09\/WEB-SAYLOR-Recovered-e1662541155990.jpg\",\"contentUrl\":\"https:\/\/saylor.es\/\/wp-content\/uploads\/2022\/09\/WEB-SAYLOR-Recovered-e1662541155990.jpg\",\"width\":220,\"height\":61,\"caption\":\"Saylor\"},\"image\":{\"@id\":\"https:\/\/www.saylor.es\/ca\/#\/schema\/logo\/image\/\"}}]}<\/script>\n<!-- \/ Yoast SEO plugin. -->","yoast_head_json":{"title":"Condicions d'\u00fas i pol\u00edtica de privacitat - Saylor","robots":{"index":"index","follow":"follow","max-snippet":"max-snippet:-1","max-image-preview":"max-image-preview:large","max-video-preview":"max-video-preview:-1"},"canonical":"https:\/\/www.saylor.es\/ca\/condicions-dus-i-politica-de-privadesa\/","og_locale":"ca_ES","og_type":"article","og_title":"Condicions d'\u00fas i pol\u00edtica de privacitat - Saylor","og_url":"https:\/\/www.saylor.es\/ca\/condicions-dus-i-politica-de-privadesa\/","og_site_name":"Saylor","article_modified_time":"2022-10-10T14:17:00+00:00","twitter_card":"summary_large_image","schema":{"@context":"https:\/\/schema.org","@graph":[{"@type":"WebPage","@id":"https:\/\/www.saylor.es\/ca\/condicions-dus-i-politica-de-privadesa\/","url":"https:\/\/www.saylor.es\/ca\/condicions-dus-i-politica-de-privadesa\/","name":"Condicions d'\u00fas i pol\u00edtica de privacitat - Saylor","isPartOf":{"@id":"https:\/\/www.saylor.es\/ca\/#website"},"datePublished":"2022-09-08T08:39:43+00:00","dateModified":"2022-10-10T14:17:00+00:00","breadcrumb":{"@id":"https:\/\/www.saylor.es\/ca\/condicions-dus-i-politica-de-privadesa\/#breadcrumb"},"inLanguage":"ca","potentialAction":[{"@type":"ReadAction","target":["https:\/\/www.saylor.es\/ca\/condicions-dus-i-politica-de-privadesa\/"]}]},{"@type":"BreadcrumbList","@id":"https:\/\/www.saylor.es\/ca\/condicions-dus-i-politica-de-privadesa\/#breadcrumb","itemListElement":[{"@type":"ListItem","position":1,"name":"Portada","item":"https:\/\/www.saylor.es\/ca\/"},{"@type":"ListItem","position":2,"name":"Condicions d&#8217;\u00fas i pol\u00edtica de privacitat"}]},{"@type":"WebSite","@id":"https:\/\/www.saylor.es\/ca\/#website","url":"https:\/\/www.saylor.es\/ca\/","name":"Saylor","description":"My WordPress Blog","publisher":{"@id":"https:\/\/www.saylor.es\/ca\/#organization"},"potentialAction":[{"@type":"SearchAction","target":{"@type":"EntryPoint","urlTemplate":"https:\/\/www.saylor.es\/ca\/?s={search_term_string}"},"query-input":"required name=search_term_string"}],"inLanguage":"ca"},{"@type":"Organization","@id":"https:\/\/www.saylor.es\/ca\/#organization","name":"Saylor","url":"https:\/\/www.saylor.es\/ca\/","logo":{"@type":"ImageObject","inLanguage":"ca","@id":"https:\/\/www.saylor.es\/ca\/#\/schema\/logo\/image\/","url":"https:\/\/saylor.es\/\/wp-content\/uploads\/2022\/09\/WEB-SAYLOR-Recovered-e1662541155990.jpg","contentUrl":"https:\/\/saylor.es\/\/wp-content\/uploads\/2022\/09\/WEB-SAYLOR-Recovered-e1662541155990.jpg","width":220,"height":61,"caption":"Saylor"},"image":{"@id":"https:\/\/www.saylor.es\/ca\/#\/schema\/logo\/image\/"}}]}},"_links":{"self":[{"href":"https:\/\/www.saylor.es\/ca\/wp-json\/wp\/v2\/pages\/6648","targetHints":{"allow":["GET"]}}],"collection":[{"href":"https:\/\/www.saylor.es\/ca\/wp-json\/wp\/v2\/pages"}],"about":[{"href":"https:\/\/www.saylor.es\/ca\/wp-json\/wp\/v2\/types\/page"}],"author":[{"embeddable":true,"href":"https:\/\/www.saylor.es\/ca\/wp-json\/wp\/v2\/users\/1"}],"replies":[{"embeddable":true,"href":"https:\/\/www.saylor.es\/ca\/wp-json\/wp\/v2\/comments?post=6648"}],"version-history":[{"count":6,"href":"https:\/\/www.saylor.es\/ca\/wp-json\/wp\/v2\/pages\/6648\/revisions"}],"predecessor-version":[{"id":7007,"href":"https:\/\/www.saylor.es\/ca\/wp-json\/wp\/v2\/pages\/6648\/revisions\/7007"}],"wp:attachment":[{"href":"https:\/\/www.saylor.es\/ca\/wp-json\/wp\/v2\/media?parent=6648"}],"curies":[{"name":"wp","href":"https:\/\/api.w.org\/{rel}","templated":true}]}}