{"id":6644,"date":"2022-09-08T08:33:14","date_gmt":"2022-09-08T08:33:14","guid":{"rendered":"https:\/\/saylor.es\/avis-legal\/"},"modified":"2022-10-10T13:40:38","modified_gmt":"2022-10-10T13:40:38","slug":"avis-legal","status":"publish","type":"page","link":"https:\/\/www.saylor.es\/ca\/avis-legal\/","title":{"rendered":"Av\u00eds Legal"},"content":{"rendered":"<div class=\"fusion-fullwidth fullwidth-box fusion-builder-row-1 fusion-flex-container has-pattern-background has-mask-background nonhundred-percent-fullwidth non-hundred-percent-height-scrolling\" style=\"background-color: var(--awb-color1);background-position: center center;background-repeat: no-repeat;border-width: 0px 0px 0px 0px;border-color:#eae9e9;border-style:solid;\" ><div class=\"fusion-builder-row fusion-row fusion-flex-align-items-flex-start\" style=\"max-width:1216.8px;margin-left: calc(-4% \/ 2 );margin-right: calc(-4% \/ 2 );\"><div class=\"fusion-layout-column fusion_builder_column fusion-builder-column-0 fusion_builder_column_1_1 1_1 fusion-flex-column\"><div class=\"fusion-column-wrapper fusion-flex-justify-content-flex-start fusion-content-layout-column\" style=\"background-position:left top;background-repeat:no-repeat;-webkit-background-size:cover;-moz-background-size:cover;-o-background-size:cover;background-size:cover;padding: 0px 0px 0px 0px;\"><div class=\"fusion-text fusion-text-1\" style=\"text-transform:none;margin-top:0px;\"><p>Aquesta web \u00e9s propietat de SAYLOR IBERIA, SLU, (d&#8217;ara endavant \u201cSAYLOR\u201d), empresa dedicada a la prestaci\u00f3 de serveis de neteja, amb CIF B-62.024.591 i domicili a Barcelona, C\/ Biscaia, n\u00fam. 379, local, inscrita al Registre Mercantil de Barcelona. Tom 31.859, Foli 72, Fulla 198848.<\/p>\n<p>En aquesta web assegurem la total protecci\u00f3 de les dades de car\u00e0cter personal proporcionades pels nostres usuaris. De conformitat amb el que disposa la Llei Org\u00e0nica 15\/1999 de Protecci\u00f3 de Dades, us informem que les dades personals facilitades a trav\u00e9s dels formularis d&#8217;aquesta web o mitjan\u00e7ant missatges de correu electr\u00f2nic, podran ser incorporats als nostres fitxers, en concret al denominat \u201cContacta&#8217;ns\u201d i seran tractats de manera automatitzada.<\/p>\n<p>Mitjan\u00e7ant l&#8217;enviament dels formularis existents en aquesta web, el remitent d\u00f3na el seu consentiment per ser incl\u00f2s als fitxers esmentats. Aix\u00ed mateix, us comuniquem que des d&#8217;aquest web es podran recollir adreces IP dels usuaris, les quals seran igualment tractades d&#8217;acord amb la normativa vigent.<\/p>\n<p>Les finalitats del fitxer aix\u00ed com de les dades que se&#8217;ns facin arribar s\u00f3n les conduents i necess\u00e0ries a la gesti\u00f3 del servei que es contracti. Tots els fitxers han estat degudament registrats a l&#8217;Ag\u00e8ncia Espanyola de Protecci\u00f3 de Dades. Les vostres dades no seran cedides a tercers sense el vostre consentiment.<\/p>\n<p>SAYLOR respectar\u00e0 en tot moment la confidencialitat de les vostres dades, segons conformitat amb la Llei Org\u00e0nica 15\/1999, de 13 de desembre, sobre Protecci\u00f3 de Dades de Car\u00e0cter Personal (LOPD).<\/p>\n<p>En qualsevol moment podeu executar els vostres drets de, acc\u00e9s, rectificaci\u00f3, cancel\u00b7laci\u00f3 i oposici\u00f3 de la vostra autoritzaci\u00f3 sense efectes retroactius en els termes especificats a la Llei Org\u00e0nica 15\/1999, de Protecci\u00f3 de Dades de Car\u00e0cter Personal, conforme al procediment legalment establert. Aquests drets podran ser exercits adre\u00e7ant-se per correu electr\u00f2nic a info@saylor.es.<\/p>\n<\/div><\/div><style type=\"text\/css\">.fusion-body .fusion-builder-column-0{width:100% !important;margin-top : 0px;margin-bottom : 20px;}.fusion-builder-column-0 > .fusion-column-wrapper {padding-top : 0px !important;padding-right : 0px !important;margin-right : 1.92%;padding-bottom : 0px !important;padding-left : 0px !important;margin-left : 1.92%;}@media only screen and (max-width:1024px) {.fusion-body .fusion-builder-column-0{width:100% !important;order : 0;}.fusion-builder-column-0 > .fusion-column-wrapper {margin-right : 1.92%;margin-left : 1.92%;}}@media only screen and (max-width:640px) {.fusion-body .fusion-builder-column-0{width:100% !important;order : 0;}.fusion-builder-column-0 > .fusion-column-wrapper {margin-right : 1.92%;margin-left : 1.92%;}}<\/style><\/div><\/div><style type=\"text\/css\">.fusion-body .fusion-flex-container.fusion-builder-row-1{ padding-top : 0px;margin-top : 0px;padding-right : 0px;padding-bottom : 0px;margin-bottom : 80px;padding-left : 0px;}@media only screen and (max-width:1024px) {.fusion-body .fusion-flex-container.fusion-builder-row-1{ padding-top : 80px;padding-bottom : 80px;margin-bottom : 80px;}}@media only screen and (max-width:640px) {.fusion-body .fusion-flex-container.fusion-builder-row-1{ margin-bottom : 60px;}}<\/style><\/div>\n","protected":false},"excerpt":{"rendered":"","protected":false},"author":1,"featured_media":0,"parent":0,"menu_order":0,"comment_status":"closed","ping_status":"closed","template":"100-width.php","meta":{"footnotes":""},"class_list":["post-6644","page","type-page","status-publish","hentry"],"yoast_head":"<!-- This site is optimized with the Yoast SEO plugin v19.9 - https:\/\/yoast.com\/wordpress\/plugins\/seo\/ -->\n<title>Av\u00eds Legal - Saylor<\/title>\n<meta name=\"robots\" content=\"index, follow, max-snippet:-1, max-image-preview:large, max-video-preview:-1\" \/>\n<link rel=\"canonical\" href=\"https:\/\/www.saylor.es\/ca\/avis-legal\/\" \/>\n<meta property=\"og:locale\" content=\"ca_ES\" \/>\n<meta property=\"og:type\" content=\"article\" \/>\n<meta property=\"og:title\" content=\"Av\u00eds Legal - Saylor\" \/>\n<meta property=\"og:url\" content=\"https:\/\/www.saylor.es\/ca\/avis-legal\/\" \/>\n<meta property=\"og:site_name\" content=\"Saylor\" \/>\n<meta property=\"article:modified_time\" content=\"2022-10-10T13:40:38+00:00\" \/>\n<meta name=\"twitter:card\" content=\"summary_large_image\" \/>\n<script type=\"application\/ld+json\" class=\"yoast-schema-graph\">{\"@context\":\"https:\/\/schema.org\",\"@graph\":[{\"@type\":\"WebPage\",\"@id\":\"https:\/\/www.saylor.es\/ca\/avis-legal\/\",\"url\":\"https:\/\/www.saylor.es\/ca\/avis-legal\/\",\"name\":\"Av\u00eds Legal - Saylor\",\"isPartOf\":{\"@id\":\"https:\/\/www.saylor.es\/ca\/#website\"},\"datePublished\":\"2022-09-08T08:33:14+00:00\",\"dateModified\":\"2022-10-10T13:40:38+00:00\",\"breadcrumb\":{\"@id\":\"https:\/\/www.saylor.es\/ca\/avis-legal\/#breadcrumb\"},\"inLanguage\":\"ca\",\"potentialAction\":[{\"@type\":\"ReadAction\",\"target\":[\"https:\/\/www.saylor.es\/ca\/avis-legal\/\"]}]},{\"@type\":\"BreadcrumbList\",\"@id\":\"https:\/\/www.saylor.es\/ca\/avis-legal\/#breadcrumb\",\"itemListElement\":[{\"@type\":\"ListItem\",\"position\":1,\"name\":\"Portada\",\"item\":\"https:\/\/www.saylor.es\/ca\/\"},{\"@type\":\"ListItem\",\"position\":2,\"name\":\"Av\u00eds Legal\"}]},{\"@type\":\"WebSite\",\"@id\":\"https:\/\/www.saylor.es\/ca\/#website\",\"url\":\"https:\/\/www.saylor.es\/ca\/\",\"name\":\"Saylor\",\"description\":\"My WordPress Blog\",\"publisher\":{\"@id\":\"https:\/\/www.saylor.es\/ca\/#organization\"},\"potentialAction\":[{\"@type\":\"SearchAction\",\"target\":{\"@type\":\"EntryPoint\",\"urlTemplate\":\"https:\/\/www.saylor.es\/ca\/?s={search_term_string}\"},\"query-input\":\"required name=search_term_string\"}],\"inLanguage\":\"ca\"},{\"@type\":\"Organization\",\"@id\":\"https:\/\/www.saylor.es\/ca\/#organization\",\"name\":\"Saylor\",\"url\":\"https:\/\/www.saylor.es\/ca\/\",\"logo\":{\"@type\":\"ImageObject\",\"inLanguage\":\"ca\",\"@id\":\"https:\/\/www.saylor.es\/ca\/#\/schema\/logo\/image\/\",\"url\":\"https:\/\/saylor.es\/\/wp-content\/uploads\/2022\/09\/WEB-SAYLOR-Recovered-e1662541155990.jpg\",\"contentUrl\":\"https:\/\/saylor.es\/\/wp-content\/uploads\/2022\/09\/WEB-SAYLOR-Recovered-e1662541155990.jpg\",\"width\":220,\"height\":61,\"caption\":\"Saylor\"},\"image\":{\"@id\":\"https:\/\/www.saylor.es\/ca\/#\/schema\/logo\/image\/\"}}]}<\/script>\n<!-- \/ Yoast SEO plugin. -->","yoast_head_json":{"title":"Av\u00eds Legal - Saylor","robots":{"index":"index","follow":"follow","max-snippet":"max-snippet:-1","max-image-preview":"max-image-preview:large","max-video-preview":"max-video-preview:-1"},"canonical":"https:\/\/www.saylor.es\/ca\/avis-legal\/","og_locale":"ca_ES","og_type":"article","og_title":"Av\u00eds Legal - Saylor","og_url":"https:\/\/www.saylor.es\/ca\/avis-legal\/","og_site_name":"Saylor","article_modified_time":"2022-10-10T13:40:38+00:00","twitter_card":"summary_large_image","schema":{"@context":"https:\/\/schema.org","@graph":[{"@type":"WebPage","@id":"https:\/\/www.saylor.es\/ca\/avis-legal\/","url":"https:\/\/www.saylor.es\/ca\/avis-legal\/","name":"Av\u00eds Legal - Saylor","isPartOf":{"@id":"https:\/\/www.saylor.es\/ca\/#website"},"datePublished":"2022-09-08T08:33:14+00:00","dateModified":"2022-10-10T13:40:38+00:00","breadcrumb":{"@id":"https:\/\/www.saylor.es\/ca\/avis-legal\/#breadcrumb"},"inLanguage":"ca","potentialAction":[{"@type":"ReadAction","target":["https:\/\/www.saylor.es\/ca\/avis-legal\/"]}]},{"@type":"BreadcrumbList","@id":"https:\/\/www.saylor.es\/ca\/avis-legal\/#breadcrumb","itemListElement":[{"@type":"ListItem","position":1,"name":"Portada","item":"https:\/\/www.saylor.es\/ca\/"},{"@type":"ListItem","position":2,"name":"Av\u00eds Legal"}]},{"@type":"WebSite","@id":"https:\/\/www.saylor.es\/ca\/#website","url":"https:\/\/www.saylor.es\/ca\/","name":"Saylor","description":"My WordPress Blog","publisher":{"@id":"https:\/\/www.saylor.es\/ca\/#organization"},"potentialAction":[{"@type":"SearchAction","target":{"@type":"EntryPoint","urlTemplate":"https:\/\/www.saylor.es\/ca\/?s={search_term_string}"},"query-input":"required name=search_term_string"}],"inLanguage":"ca"},{"@type":"Organization","@id":"https:\/\/www.saylor.es\/ca\/#organization","name":"Saylor","url":"https:\/\/www.saylor.es\/ca\/","logo":{"@type":"ImageObject","inLanguage":"ca","@id":"https:\/\/www.saylor.es\/ca\/#\/schema\/logo\/image\/","url":"https:\/\/saylor.es\/\/wp-content\/uploads\/2022\/09\/WEB-SAYLOR-Recovered-e1662541155990.jpg","contentUrl":"https:\/\/saylor.es\/\/wp-content\/uploads\/2022\/09\/WEB-SAYLOR-Recovered-e1662541155990.jpg","width":220,"height":61,"caption":"Saylor"},"image":{"@id":"https:\/\/www.saylor.es\/ca\/#\/schema\/logo\/image\/"}}]}},"_links":{"self":[{"href":"https:\/\/www.saylor.es\/ca\/wp-json\/wp\/v2\/pages\/6644","targetHints":{"allow":["GET"]}}],"collection":[{"href":"https:\/\/www.saylor.es\/ca\/wp-json\/wp\/v2\/pages"}],"about":[{"href":"https:\/\/www.saylor.es\/ca\/wp-json\/wp\/v2\/types\/page"}],"author":[{"embeddable":true,"href":"https:\/\/www.saylor.es\/ca\/wp-json\/wp\/v2\/users\/1"}],"replies":[{"embeddable":true,"href":"https:\/\/www.saylor.es\/ca\/wp-json\/wp\/v2\/comments?post=6644"}],"version-history":[{"count":5,"href":"https:\/\/www.saylor.es\/ca\/wp-json\/wp\/v2\/pages\/6644\/revisions"}],"predecessor-version":[{"id":6746,"href":"https:\/\/www.saylor.es\/ca\/wp-json\/wp\/v2\/pages\/6644\/revisions\/6746"}],"wp:attachment":[{"href":"https:\/\/www.saylor.es\/ca\/wp-json\/wp\/v2\/media?parent=6644"}],"curies":[{"name":"wp","href":"https:\/\/api.w.org\/{rel}","templated":true}]}}